{"id":3093,"date":"2022-04-21T14:20:43","date_gmt":"2022-04-21T14:20:43","guid":{"rendered":"https:\/\/www.rar.fi\/rar\/?page_id=3093"},"modified":"2025-12-10T19:36:54","modified_gmt":"2025-12-10T19:36:54","slug":"jasenyys","status":"publish","type":"page","link":"https:\/\/www.rar.fi\/rar\/jasenyys\/","title":{"rendered":"J\u00e4senyys"},"content":{"rendered":"<div class=\"fusion-fullwidth fullwidth-box fusion-builder-row-1 fusion-flex-container nonhundred-percent-fullwidth non-hundred-percent-height-scrolling\" style=\"--awb-border-radius-top-left:0px;--awb-border-radius-top-right:0px;--awb-border-radius-bottom-right:0px;--awb-border-radius-bottom-left:0px;--awb-flex-wrap:wrap;\" ><div class=\"fusion-builder-row fusion-row fusion-flex-align-items-flex-start fusion-flex-content-wrap\" style=\"max-width:977.6px;margin-left: calc(-4% \/ 2 );margin-right: calc(-4% \/ 2 );\"><div class=\"fusion-layout-column fusion_builder_column fusion-builder-column-0 fusion_builder_column_1_1 1_1 fusion-flex-column\" style=\"--awb-bg-size:cover;--awb-width-large:100%;--awb-margin-top-large:0px;--awb-spacing-right-large:1.92%;--awb-margin-bottom-large:20px;--awb-spacing-left-large:1.92%;--awb-width-medium:100%;--awb-order-medium:0;--awb-spacing-right-medium:1.92%;--awb-spacing-left-medium:1.92%;--awb-width-small:100%;--awb-order-small:0;--awb-spacing-right-small:1.92%;--awb-spacing-left-small:1.92%;\"><div class=\"fusion-column-wrapper fusion-column-has-shadow fusion-flex-justify-content-flex-start fusion-content-layout-column\"><div class=\"fusion-separator fusion-full-width-sep\" style=\"align-self: center;margin-left: auto;margin-right: auto;margin-top:3%;margin-bottom:3%;width:100%;\"><\/div><div class=\"fusion-builder-row fusion-builder-row-inner fusion-row fusion-flex-align-items-flex-start fusion-flex-content-wrap\" style=\"width:104% !important;max-width:104% !important;margin-left: calc(-4% \/ 2 );margin-right: calc(-4% \/ 2 );\"><div class=\"fusion-layout-column fusion_builder_column_inner fusion-builder-nested-column-0 fusion_builder_column_inner_1_1 1_1 fusion-flex-column\" style=\"--awb-bg-size:cover;--awb-width-large:100%;--awb-margin-top-large:0px;--awb-spacing-right-large:1.92%;--awb-margin-bottom-large:20px;--awb-spacing-left-large:1.92%;--awb-width-medium:100%;--awb-order-medium:0;--awb-spacing-right-medium:1.92%;--awb-spacing-left-medium:1.92%;--awb-width-small:100%;--awb-order-small:0;--awb-spacing-right-small:1.92%;--awb-spacing-left-small:1.92%;\"><div class=\"fusion-column-wrapper fusion-column-has-shadow fusion-flex-justify-content-flex-start fusion-content-layout-column\"><div class=\"fusion-title title fusion-title-1 fusion-title-text fusion-title-size-two\"><div class=\"title-sep-container title-sep-container-left fusion-no-large-visibility fusion-no-medium-visibility fusion-no-small-visibility\"><div class=\"title-sep sep- sep-solid\" style=\"border-color:#e0dede;\"><\/div><\/div><span class=\"awb-title-spacer fusion-no-large-visibility fusion-no-medium-visibility fusion-no-small-visibility\"><\/span><h2 class=\"fusion-title-heading title-heading-left fusion-responsive-typography-calculated\" style=\"margin:0;--fontSize:18;--minFontSize:18;line-height:1.5;\">J\u00e4senyys on iloinen asia!<\/h2><span class=\"awb-title-spacer\"><\/span><div class=\"title-sep-container title-sep-container-right\"><div class=\"title-sep sep- sep-solid\" style=\"border-color:#e0dede;\"><\/div><\/div><\/div><div class=\"fusion-text fusion-text-1\"><p>Seuramme j\u00e4rjest\u00e4\u00e4 pitkin vuotta erilaisia tapahtumia, kuten esimerkiksi hevosaiheisia luentoja, kepparikisoja sek\u00e4 koko j\u00e4senist\u00f6lle sopivat pikkujoulut. Lapset ja nuoret voivat osallistua hoitokerhoon, jossa opetellaan hevosiin ja niiden hoitamiseen liittyvi\u00e4 asioita. Seuran Klubitalolla j\u00e4rjestet\u00e4\u00e4n Yin Joogaa pienryhmiss\u00e4 noin kerran kuussa ja siihen p\u00e4\u00e4see osallistumaan j\u00e4senetuhintaan.<\/p>\n<p>RaR:n j\u00e4senet saavat 5 % alennusta Ravij\u00e4rven Hevostilan maneesimaksuista.<\/p>\n<p>J\u00e4senet saavat 15 % alennuksen Taide &amp; rela -yrityksen tuotteista: hevosaiheiset sisustustaulut, metallitaulut, maalaukset sek\u00e4 tilausty\u00f6n\u00e4 teht\u00e4v\u00e4t lemmikkimuotokuvat.J\u00e4senetua ei voi yhdist\u00e4\u00e4 muihin tarjouksiin. RaR:n j\u00e4senyys todistetaan esitt\u00e4m\u00e4ll\u00e4 j\u00e4sentiedot SRL:n <a href=\"https:\/\/www.ratsastus.fi\/jasenelle\/jasenhuone\/\" target=\"_blank\" rel=\"noopener\"><strong>j\u00e4senhuoneesta<\/strong><\/a>.<\/p>\n<p><strong><a href=\"https:\/\/hihhulipuoti.com\/collections\/hevosaiheista-taidetta\" target=\"_blank\" rel=\"noopener\">Valikoima valmiita t\u00f6it\u00e4<\/a><\/strong><br \/>\n<strong><a href=\"https:\/\/www.taiderela.com\/taide\/lemmikit-ja-hevoset\" target=\"_blank\" rel=\"noopener\">Lis\u00e4tietoa ja lemmikkimuotokuvien hinnasto<\/a><\/strong><\/p>\n<p>Kilpailulisenssit korvataan seuran j\u00e4senelle, jos h\u00e4nell\u00e4 on ko. vuodelta hyv\u00e4ksytty suoritus aluekilpailuista, sijoitus kansallisista kilpailuista ja\/tai h\u00e4n on osallistunut kansainv\u00e4lisiin kilpailuihin. Korvauksia haetaan seuran rahastonhoitajalta vuosittain j\u00e4lkik\u00e4teen vuoden loppuun menness\u00e4.<\/p>\n<p>Seura maksaa kulukorvauksia arvokisoihin osallistuneille j\u00e4senille (SM-kisat ja sit\u00e4 ylemm\u00e4t) enint\u00e4\u00e4n 100 euroa kalenterivuodessa tai jos summa on pienempi kuin 100e, korvataan todelliset kulut. Korvaukset haetaan kuitteja vastaan vuosittain rahastonhoitajalta joulukuun loppuun menness\u00e4. Kulukorvauksen my\u00f6nt\u00e4misen edellytyksen\u00e4 on, ett\u00e4 tuen jakaminen on seuralle kyseisen\u00e4 vuonna taloudellisesti mahdollista.<\/p>\n<p>J\u00e4senet saavat alennusta oman seuran j\u00e4rjest\u00e4mien kilpailujen l\u00e4ht\u00f6maksuista.<\/p>\n<\/div><\/div><\/div><div class=\"fusion-layout-column fusion_builder_column_inner fusion-builder-nested-column-1 fusion_builder_column_inner_1_1 1_1 fusion-flex-column\" style=\"--awb-bg-size:cover;--awb-width-large:100%;--awb-margin-top-large:0px;--awb-spacing-right-large:1.92%;--awb-margin-bottom-large:20px;--awb-spacing-left-large:1.92%;--awb-width-medium:100%;--awb-order-medium:0;--awb-spacing-right-medium:1.92%;--awb-spacing-left-medium:1.92%;--awb-width-small:100%;--awb-order-small:0;--awb-spacing-right-small:1.92%;--awb-spacing-left-small:1.92%;\"><div class=\"fusion-column-wrapper fusion-column-has-shadow fusion-flex-justify-content-flex-start fusion-content-layout-column\"><div class=\"fusion-title title fusion-title-2 fusion-title-text fusion-title-size-two\"><div class=\"title-sep-container title-sep-container-left fusion-no-large-visibility fusion-no-medium-visibility fusion-no-small-visibility\"><div class=\"title-sep sep- sep-solid\" style=\"border-color:#e0dede;\"><\/div><\/div><span class=\"awb-title-spacer fusion-no-large-visibility fusion-no-medium-visibility fusion-no-small-visibility\"><\/span><h2 class=\"fusion-title-heading title-heading-left fusion-responsive-typography-calculated\" style=\"margin:0;--fontSize:18;--minFontSize:18;line-height:1.5;\">SRL.n j\u00e4senlajit<\/h2><span class=\"awb-title-spacer\"><\/span><div class=\"title-sep-container title-sep-container-right\"><div class=\"title-sep sep- sep-solid\" style=\"border-color:#e0dede;\"><\/div><\/div><\/div><div class=\"fusion-text fusion-text-2\"><p>Ratsastajainliiton j\u00e4senseuroilla on k\u00e4yt\u00f6ss\u00e4 erilaisia j\u00e4senlajeja. T\u00e4ysj\u00e4sen (seniori ja juniori) saa kaikki liiton tarjoamat j\u00e4senedut. Perhej\u00e4senen (seniori ja juniori) edut ovat muuten samat kuin t\u00e4ysj\u00e4senell\u00e4, mutta h\u00e4n ei saa Hippos-lehte\u00e4 eik\u00e4 h\u00e4nelle voida my\u00f6nt\u00e4\u00e4 A- tai B-kilpailulupaa tai toimihenkil\u00f6oikeuksia. Perhej\u00e4senen t\u00e4ytyy asua samassa taloudessa t\u00e4ysj\u00e4senen kanssa ja kuulua samaan seuraan kuin t\u00e4ysj\u00e4sen. Seuroilla voi olla my\u00f6s kannatusj\u00e4seni\u00e4, mutta he eiv\u00e4t saa mit\u00e4\u00e4n liiton j\u00e4senetuja. Esimerkiksi osallistuakseen seura- ja aluekilpailuihin ratsastajan tulee olla joko t\u00e4ys- tai perhej\u00e4sen. J\u00e4sen on juniori-ik\u00e4inen viel\u00e4 sen vuoden, kun h\u00e4n t\u00e4ytt\u00e4\u00e4 18 vuotta. Lis\u00e4tietoa j\u00e4seneduista l\u00f6yd\u00e4t <span style=\"color: #000000;\"><a style=\"color: #000000;\" title=\"SRL:n sivulle\" href=\"https:\/\/www.ratsastus.fi\/jasenelle\/jasenille\/\" target=\"_blank\" rel=\"noopener\">t\u00e4\u00e4lt\u00e4<\/a><\/span>.<\/p>\n<p>Oletpa sitten innokas <span style=\"color: #000000;\"><a style=\"color: #000000;\" href=\"https:\/\/www.ratsastus.fi\/jasenelle\/harrasteratsastajan-polku\/\" target=\"_blank\" rel=\"noopener\">harrasteratsastaja<\/a><\/span> tai tavoitteellisesti <a href=\"https:\/\/www.ratsastus.fi\/site\/assets\/files\/1687\/kilpailijan_urapolku_a2_juliste.pdf\" target=\"_blank\" rel=\"noopener\"><span style=\"color: #000000;\">kilpaileva<\/span><\/a>, olet aina tervetullut seuramme j\u00e4seneksi.<\/p>\n<\/div><\/div><\/div><\/div><div class=\"fusion-separator fusion-full-width-sep\" style=\"align-self: center;margin-left: auto;margin-right: auto;margin-top:3%;margin-bottom:3%;width:100%;\"><\/div><div class=\"fusion-flip-boxes flip-boxes row fusion-columns-3 flip-effect-classic equal-heights\"><div class=\"fusion-flip-box-wrapper fusion-column col-lg-4 col-md-4 col-sm-4\"><div class=\"fusion-flip-box flip-right\" tabindex=\"0\"><div class=\"flip-box-inner-wrapper\"><div class=\"flip-box-front\" style=\"--awb-border-size:0px;--awb-border-radius:8px;--awb-background-color-front:#ddc092;--awb-title-front-color:#82a0bf;--awb-text-front-color:#82a0bf;\"><div class=\"flip-box-front-inner\"><div class=\"flip-box-grafix flip-box-circle\"><i aria-hidden=\"true\" class=\"fa-trophy fas\"><\/i><\/div><h2 class=\"flip-box-heading\">SRL:n t\u00e4ysj\u00e4sen JUNIORI<\/h2>57 euroa vuodessa!<\/div><\/div><div class=\"flip-box-back\" style=\"--awb-border-size:0px;--awb-border-radius:8px;--awb-title-back-color:#ffffff;--awb-text-back-color:#ffffff;\"><div class=\"flip-box-back-inner\"><h3 class=\"flip-box-heading-back\">MIT\u00c4 TARJOAA?<\/h3>\n<p style=\"text-align: center;\">Maksuttoman hoitokerhon<br \/>\nHippos-lehden<br \/>\nTapaturmavakuutuksen<\/p>\n<\/div><\/div><\/div><\/div><\/div><div class=\"fusion-flip-box-wrapper fusion-column col-lg-4 col-md-4 col-sm-4\"><div class=\"fusion-flip-box flip-right\" tabindex=\"0\"><div class=\"flip-box-inner-wrapper\"><div class=\"flip-box-front\" style=\"--awb-border-size:0px;--awb-border-radius:8px;--awb-background-color-front:#ddc092;--awb-title-front-color:#82a0bf;--awb-text-front-color:#82a0bf;\"><div class=\"flip-box-front-inner\"><div class=\"flip-box-grafix flip-box-circle\"><i aria-hidden=\"true\" class=\"fa-thumbs-up fas\"><\/i><\/div><h2 class=\"flip-box-heading\">RaR:n kannatusj\u00e4sen<\/h2>15 euroa vuodessa!<\/div><\/div><div class=\"flip-box-back\" style=\"--awb-border-size:0px;--awb-border-radius:8px;--awb-title-back-color:#ffffff;--awb-text-back-color:#ffffff;\"><div class=\"flip-box-back-inner\"><h3 class=\"flip-box-heading-back\">MIT\u00c4 TARJOAA?<\/h3>\n<p style=\"text-align: center;\">Maksuttoman hoitokerhon<\/p>\n<\/div><\/div><\/div><\/div><\/div><div class=\"fusion-flip-box-wrapper fusion-column col-lg-4 col-md-4 col-sm-4\"><div class=\"fusion-flip-box flip-right\" tabindex=\"0\"><div class=\"flip-box-inner-wrapper\"><div class=\"flip-box-front\" style=\"--awb-border-size:0px;--awb-border-radius:8px;--awb-background-color-front:#ddc092;--awb-title-front-color:#82a0bf;--awb-text-front-color:#82a0bf;\"><div class=\"flip-box-front-inner\"><div class=\"flip-box-grafix flip-box-circle\"><i aria-hidden=\"true\" class=\"fa-trophy fas\"><\/i><\/div><h2 class=\"flip-box-heading\">SRL:n t\u00e4ysj\u00e4sen SENIORI<\/h2>64 euroa vuodessa!<\/div><\/div><div class=\"flip-box-back\" style=\"--awb-border-size:0px;--awb-border-radius:8px;--awb-title-back-color:#ffffff;--awb-text-back-color:#ffffff;\"><div class=\"flip-box-back-inner\"><h3 class=\"flip-box-heading-back\">MIT\u00c4 TARJOAA?<\/h3>\n<p style=\"text-align: center;\">Maksuttoman hoitokerhon<br \/>\nHippos-lehden<br \/>\nTapaturmavakuutuksen<\/p>\n<\/div><\/div><\/div><\/div><\/div><\/div><div class=\"fusion-flip-boxes flip-boxes row fusion-columns-2 flip-effect-classic equal-heights\"><div class=\"fusion-flip-box-wrapper fusion-column col-lg-6 col-md-6 col-sm-6\"><div class=\"fusion-flip-box flip-right\" tabindex=\"0\"><div class=\"flip-box-inner-wrapper\"><div class=\"flip-box-front\" style=\"--awb-border-size:0px;--awb-border-radius:8px;--awb-background-color-front:#ddc092;--awb-title-front-color:#82a0bf;--awb-text-front-color:#82a0bf;\"><div class=\"flip-box-front-inner\"><div class=\"flip-box-grafix flip-box-circle\"><i aria-hidden=\"true\" class=\"fa-child fas\"><\/i><\/div><h2 class=\"flip-box-heading\">SRL:n perhej\u00e4sen JUNIORI<\/h2>33,50 euroa vuodessa!<\/div><\/div><div class=\"flip-box-back\" style=\"--awb-border-size:0px;--awb-border-radius:8px;--awb-title-back-color:#ffffff;--awb-text-back-color:#ffffff;\"><div class=\"flip-box-back-inner\"><h3 class=\"flip-box-heading-back\">MIT\u00c4 TARJOAA?<\/h3>\n<p style=\"text-align: center;\">Maksuttoman hoitokerhon<br \/>\nTapaturmavakuutuksen<\/p>\n<\/div><\/div><\/div><\/div><\/div><div class=\"fusion-flip-box-wrapper fusion-column col-lg-6 col-md-6 col-sm-6\"><div class=\"fusion-flip-box flip-right\" tabindex=\"0\"><div class=\"flip-box-inner-wrapper\"><div class=\"flip-box-front\" style=\"--awb-border-size:0px;--awb-border-radius:8px;--awb-background-color-front:#ddc092;--awb-title-front-color:#82a0bf;--awb-text-front-color:#82a0bf;\"><div class=\"flip-box-front-inner\"><div class=\"flip-box-grafix flip-box-circle\"><i aria-hidden=\"true\" class=\"fa-child fas\"><\/i><\/div><h2 class=\"flip-box-heading\">SRL:n perhej\u00e4sen SENIORI<\/h2>37 euroa vuodessa!<\/div><\/div><div class=\"flip-box-back\" style=\"--awb-border-size:0px;--awb-border-radius:8px;--awb-title-back-color:#ffffff;--awb-text-back-color:#ffffff;\"><div class=\"flip-box-back-inner\"><h3 class=\"flip-box-heading-back\">MIT\u00c4 TARJOAA?<\/h3>\n<p style=\"text-align: center;\">Maksuttoman hoitokerhon<br \/>\nTapaturmavakuutuksen<\/p>\n<\/div><\/div><\/div><\/div><\/div><\/div><div class=\"fusion-separator fusion-has-icon fusion-full-width-sep\" style=\"align-self: center;margin-left: auto;margin-right: auto;width:100%;\"><div class=\"fusion-separator-border sep-single sep-solid\" style=\"--awb-height:20px;--awb-amount:20px;--awb-sep-color:#8bc34a;border-color:#8bc34a;border-top-width:1px;\"><\/div><span class=\"icon-wrapper\" style=\"border-color:#8bc34a;background-color:rgba(255,255,255,0);font-size:16px;width: 1.75em; height: 1.75em;border-width:1px;padding:1px;margin-top:-0.5px\"><i class=\"fa-thumbs-up fas\" style=\"font-size: inherit;color:#8bc34a;\" aria-hidden=\"true\"><\/i><\/span><div class=\"fusion-separator-border sep-single sep-solid\" style=\"--awb-height:20px;--awb-amount:20px;--awb-sep-color:#8bc34a;border-color:#8bc34a;border-top-width:1px;\"><\/div><\/div><div class=\"fusion-text fusion-text-3\"><h1 style=\"text-align: center;\">Kiinnostuitko?<\/h1>\n<p style=\"text-align: center;\">Ota yhteytt\u00e4 j\u00e4sensihteeriimme Suvi Hytti-Kyt\u00f6l\u00e4\u00e4n ja pistet\u00e4\u00e4n py\u00f6r\u00e4t py\u00f6rim\u00e4\u00e4n! Parhaiten tavoitat h\u00e4net s\u00e4hk\u00f6postitse.<\/p>\n<p style=\"text-align: center;\">suvi.hytti-kytola(a)rar.fi<\/p>\n<p style=\"text-align: center;\">Voit <span style=\"color: #000000;\"><a style=\"color: #000000;\" href=\"https:\/\/liity.ratsastus.fi\/\" target=\"_blank\" rel=\"noopener\">liitty\u00e4<\/a><\/span> seuraan my\u00f6s SRL:n sivulla olevalla lomakkeella<\/p>\n<p style=\"text-align: center;\"><span style=\"color: #000000;\"><a style=\"color: #000000;\" href=\"https:\/\/www.rar.fi\/pdf\/Tietosuojaseloste_jasentietojen_kasittelysta.pdf\" target=\"_blank\" rel=\"noopener\">Tietosuojaseloste<\/a><\/span> j\u00e4sentietojen k\u00e4sittelyst\u00e4.<\/p>\n<\/div><\/div><\/div><\/div><\/div>\n","protected":false},"excerpt":{"rendered":"","protected":false},"author":1,"featured_media":0,"parent":0,"menu_order":0,"comment_status":"closed","ping_status":"closed","template":"","meta":{"footnotes":""},"class_list":["post-3093","page","type-page","status-publish","hentry"],"yoast_head":"<!-- This site is optimized with the Yoast SEO plugin v27.3 - https:\/\/yoast.com\/product\/yoast-seo-wordpress\/ -->\n<title>J\u00e4senyys - Ravij&auml;rven Ratsastajat<\/title>\n<meta name=\"description\" content=\"J\u00e4senyys on iloinen asia! Seuramme j\u00e4rjest\u00e4\u00e4 kilpailuja sek\u00e4 erilaisia tapahtumia, kuten esimerkiksi teemap\u00e4ivi\u00e4 ja merkkisuorituksia.\" \/>\n<meta name=\"robots\" content=\"index, follow, max-snippet:-1, max-image-preview:large, max-video-preview:-1\" \/>\n<link rel=\"canonical\" href=\"https:\/\/www.rar.fi\/rar\/jasenyys\/\" \/>\n<meta property=\"og:locale\" content=\"fi_FI\" \/>\n<meta property=\"og:type\" content=\"article\" \/>\n<meta property=\"og:title\" content=\"J\u00e4senyys - Ravij&auml;rven Ratsastajat\" \/>\n<meta property=\"og:description\" content=\"J\u00e4senyys on iloinen asia! Seuramme j\u00e4rjest\u00e4\u00e4 kilpailuja sek\u00e4 erilaisia tapahtumia, kuten esimerkiksi teemap\u00e4ivi\u00e4 ja merkkisuorituksia.\" \/>\n<meta property=\"og:url\" content=\"https:\/\/www.rar.fi\/rar\/jasenyys\/\" \/>\n<meta property=\"og:site_name\" content=\"Ravij&auml;rven Ratsastajat\" \/>\n<meta property=\"article:modified_time\" content=\"2025-12-10T19:36:54+00:00\" \/>\n<meta name=\"twitter:card\" content=\"summary_large_image\" \/>\n<meta name=\"twitter:label1\" content=\"Arvioitu lukuaika\" \/>\n\t<meta name=\"twitter:data1\" content=\"3 minuuttia\" \/>\n<script type=\"application\/ld+json\" class=\"yoast-schema-graph\">{\"@context\":\"https:\\\/\\\/schema.org\",\"@graph\":[{\"@type\":\"WebPage\",\"@id\":\"https:\\\/\\\/www.rar.fi\\\/rar\\\/jasenyys\\\/\",\"url\":\"https:\\\/\\\/www.rar.fi\\\/rar\\\/jasenyys\\\/\",\"name\":\"J\u00e4senyys - Ravij&auml;rven Ratsastajat\",\"isPartOf\":{\"@id\":\"https:\\\/\\\/www.rar.fi\\\/rar\\\/#website\"},\"datePublished\":\"2022-04-21T14:20:43+00:00\",\"dateModified\":\"2025-12-10T19:36:54+00:00\",\"description\":\"J\u00e4senyys on iloinen asia! Seuramme j\u00e4rjest\u00e4\u00e4 kilpailuja sek\u00e4 erilaisia tapahtumia, kuten esimerkiksi teemap\u00e4ivi\u00e4 ja merkkisuorituksia.\",\"breadcrumb\":{\"@id\":\"https:\\\/\\\/www.rar.fi\\\/rar\\\/jasenyys\\\/#breadcrumb\"},\"inLanguage\":\"fi\",\"potentialAction\":[{\"@type\":\"ReadAction\",\"target\":[\"https:\\\/\\\/www.rar.fi\\\/rar\\\/jasenyys\\\/\"]}]},{\"@type\":\"BreadcrumbList\",\"@id\":\"https:\\\/\\\/www.rar.fi\\\/rar\\\/jasenyys\\\/#breadcrumb\",\"itemListElement\":[{\"@type\":\"ListItem\",\"position\":1,\"name\":\"Etusivu\",\"item\":\"https:\\\/\\\/www.rar.fi\\\/rar\\\/\"},{\"@type\":\"ListItem\",\"position\":2,\"name\":\"J\u00e4senyys\"}]},{\"@type\":\"WebSite\",\"@id\":\"https:\\\/\\\/www.rar.fi\\\/rar\\\/#website\",\"url\":\"https:\\\/\\\/www.rar.fi\\\/rar\\\/\",\"name\":\"Ravij&auml;rven Ratsastajat\",\"description\":\"Sinun ratsastusseurasi\",\"publisher\":{\"@id\":\"https:\\\/\\\/www.rar.fi\\\/rar\\\/#organization\"},\"potentialAction\":[{\"@type\":\"SearchAction\",\"target\":{\"@type\":\"EntryPoint\",\"urlTemplate\":\"https:\\\/\\\/www.rar.fi\\\/rar\\\/?s={search_term_string}\"},\"query-input\":{\"@type\":\"PropertyValueSpecification\",\"valueRequired\":true,\"valueName\":\"search_term_string\"}}],\"inLanguage\":\"fi\"},{\"@type\":\"Organization\",\"@id\":\"https:\\\/\\\/www.rar.fi\\\/rar\\\/#organization\",\"name\":\"Ravij&auml;rven Ratsastajat\",\"url\":\"https:\\\/\\\/www.rar.fi\\\/rar\\\/\",\"logo\":{\"@type\":\"ImageObject\",\"inLanguage\":\"fi\",\"@id\":\"https:\\\/\\\/www.rar.fi\\\/rar\\\/#\\\/schema\\\/logo\\\/image\\\/\",\"url\":\"https:\\\/\\\/www.rar.fi\\\/rar\\\/wp-content\\\/uploads\\\/2023\\\/09\\\/logo-20v-500x500-1.png\",\"contentUrl\":\"https:\\\/\\\/www.rar.fi\\\/rar\\\/wp-content\\\/uploads\\\/2023\\\/09\\\/logo-20v-500x500-1.png\",\"width\":300,\"height\":300,\"caption\":\"Ravij&auml;rven Ratsastajat\"},\"image\":{\"@id\":\"https:\\\/\\\/www.rar.fi\\\/rar\\\/#\\\/schema\\\/logo\\\/image\\\/\"}}]}<\/script>\n<!-- \/ Yoast SEO plugin. -->","yoast_head_json":{"title":"J\u00e4senyys - Ravij&auml;rven Ratsastajat","description":"J\u00e4senyys on iloinen asia! Seuramme j\u00e4rjest\u00e4\u00e4 kilpailuja sek\u00e4 erilaisia tapahtumia, kuten esimerkiksi teemap\u00e4ivi\u00e4 ja merkkisuorituksia.","robots":{"index":"index","follow":"follow","max-snippet":"max-snippet:-1","max-image-preview":"max-image-preview:large","max-video-preview":"max-video-preview:-1"},"canonical":"https:\/\/www.rar.fi\/rar\/jasenyys\/","og_locale":"fi_FI","og_type":"article","og_title":"J\u00e4senyys - Ravij&auml;rven Ratsastajat","og_description":"J\u00e4senyys on iloinen asia! Seuramme j\u00e4rjest\u00e4\u00e4 kilpailuja sek\u00e4 erilaisia tapahtumia, kuten esimerkiksi teemap\u00e4ivi\u00e4 ja merkkisuorituksia.","og_url":"https:\/\/www.rar.fi\/rar\/jasenyys\/","og_site_name":"Ravij&auml;rven Ratsastajat","article_modified_time":"2025-12-10T19:36:54+00:00","twitter_card":"summary_large_image","twitter_misc":{"Arvioitu lukuaika":"3 minuuttia"},"schema":{"@context":"https:\/\/schema.org","@graph":[{"@type":"WebPage","@id":"https:\/\/www.rar.fi\/rar\/jasenyys\/","url":"https:\/\/www.rar.fi\/rar\/jasenyys\/","name":"J\u00e4senyys - Ravij&auml;rven Ratsastajat","isPartOf":{"@id":"https:\/\/www.rar.fi\/rar\/#website"},"datePublished":"2022-04-21T14:20:43+00:00","dateModified":"2025-12-10T19:36:54+00:00","description":"J\u00e4senyys on iloinen asia! Seuramme j\u00e4rjest\u00e4\u00e4 kilpailuja sek\u00e4 erilaisia tapahtumia, kuten esimerkiksi teemap\u00e4ivi\u00e4 ja merkkisuorituksia.","breadcrumb":{"@id":"https:\/\/www.rar.fi\/rar\/jasenyys\/#breadcrumb"},"inLanguage":"fi","potentialAction":[{"@type":"ReadAction","target":["https:\/\/www.rar.fi\/rar\/jasenyys\/"]}]},{"@type":"BreadcrumbList","@id":"https:\/\/www.rar.fi\/rar\/jasenyys\/#breadcrumb","itemListElement":[{"@type":"ListItem","position":1,"name":"Etusivu","item":"https:\/\/www.rar.fi\/rar\/"},{"@type":"ListItem","position":2,"name":"J\u00e4senyys"}]},{"@type":"WebSite","@id":"https:\/\/www.rar.fi\/rar\/#website","url":"https:\/\/www.rar.fi\/rar\/","name":"Ravij&auml;rven Ratsastajat","description":"Sinun ratsastusseurasi","publisher":{"@id":"https:\/\/www.rar.fi\/rar\/#organization"},"potentialAction":[{"@type":"SearchAction","target":{"@type":"EntryPoint","urlTemplate":"https:\/\/www.rar.fi\/rar\/?s={search_term_string}"},"query-input":{"@type":"PropertyValueSpecification","valueRequired":true,"valueName":"search_term_string"}}],"inLanguage":"fi"},{"@type":"Organization","@id":"https:\/\/www.rar.fi\/rar\/#organization","name":"Ravij&auml;rven Ratsastajat","url":"https:\/\/www.rar.fi\/rar\/","logo":{"@type":"ImageObject","inLanguage":"fi","@id":"https:\/\/www.rar.fi\/rar\/#\/schema\/logo\/image\/","url":"https:\/\/www.rar.fi\/rar\/wp-content\/uploads\/2023\/09\/logo-20v-500x500-1.png","contentUrl":"https:\/\/www.rar.fi\/rar\/wp-content\/uploads\/2023\/09\/logo-20v-500x500-1.png","width":300,"height":300,"caption":"Ravij&auml;rven Ratsastajat"},"image":{"@id":"https:\/\/www.rar.fi\/rar\/#\/schema\/logo\/image\/"}}]}},"_links":{"self":[{"href":"https:\/\/www.rar.fi\/rar\/wp-json\/wp\/v2\/pages\/3093","targetHints":{"allow":["GET"]}}],"collection":[{"href":"https:\/\/www.rar.fi\/rar\/wp-json\/wp\/v2\/pages"}],"about":[{"href":"https:\/\/www.rar.fi\/rar\/wp-json\/wp\/v2\/types\/page"}],"author":[{"embeddable":true,"href":"https:\/\/www.rar.fi\/rar\/wp-json\/wp\/v2\/users\/1"}],"replies":[{"embeddable":true,"href":"https:\/\/www.rar.fi\/rar\/wp-json\/wp\/v2\/comments?post=3093"}],"version-history":[{"count":0,"href":"https:\/\/www.rar.fi\/rar\/wp-json\/wp\/v2\/pages\/3093\/revisions"}],"wp:attachment":[{"href":"https:\/\/www.rar.fi\/rar\/wp-json\/wp\/v2\/media?parent=3093"}],"curies":[{"name":"wp","href":"https:\/\/api.w.org\/{rel}","templated":true}]}}