{"id":3089,"date":"2019-09-12T17:20:06","date_gmt":"2019-09-12T17:20:06","guid":{"rendered":"https:\/\/www.rar.fi\/rar\/?page_id=3089"},"modified":"2023-09-22T01:41:55","modified_gmt":"2023-09-22T01:41:55","slug":"kilpailut","status":"publish","type":"page","link":"https:\/\/www.rar.fi\/rar\/kilpailut\/","title":{"rendered":"Kilpailijalle"},"content":{"rendered":"<p><div class=\"fusion-fullwidth fullwidth-box fusion-builder-row-1 fusion-parallax-fixed hundred-percent-fullwidth non-hundred-percent-height-scrolling\" style=\"--awb-border-radius-top-left:0px;--awb-border-radius-top-right:0px;--awb-border-radius-bottom-right:0px;--awb-border-radius-bottom-left:0px;--awb-padding-top:0px;--awb-padding-right:0px;--awb-padding-bottom:30px;--awb-padding-left:0px;--awb-background-image:url(&quot;https:\/\/www.rar.fi\/rar\/wp-content\/uploads\/2019\/09\/kilpailut_blur-1024x716.jpg&quot;);--awb-background-size:cover;--awb-flex-wrap:wrap;background-attachment:fixed;\" ><div class=\"fusion-builder-row fusion-row\"><div class=\"fusion-layout-column fusion_builder_column fusion-builder-column-0 fusion_builder_column_1_1 1_1 fusion-one-full fusion-column-first fusion-column-last\" style=\"--awb-bg-position:center top;--awb-bg-size:cover;--awb-margin-bottom:0px;\"><div class=\"fusion-column-wrapper fusion-column-has-shadow fusion-flex-column-wrapper-legacy\"><div class=\"fusion-column-content-centered\"><div class=\"fusion-column-content\"><div class=\"fusion-sep-clear\"><\/div><div class=\"fusion-separator fusion-full-width-sep\" style=\"margin-left: auto;margin-right: auto;margin-top:10px;margin-bottom:230px;width:100%;\"><\/div><div class=\"fusion-sep-clear\"><\/div><div class=\"fusion-text fusion-text-1\"><h1 style=\"color: #000000; text-align: center;\"><span style=\"color: #000000;\">Kisaa kanssamme!<\/span><\/h1>\n<\/div><div class=\"fusion-sep-clear\"><\/div><div class=\"fusion-separator fusion-full-width-sep\" style=\"margin-left: auto;margin-right: auto;margin-top:30px;width:100%;\"><\/div><div class=\"fusion-sep-clear\"><\/div><\/div><\/div><div class=\"fusion-clearfix\"><\/div><\/div><\/div><\/div><\/div><div class=\"fusion-fullwidth fullwidth-box fusion-builder-row-2 nonhundred-percent-fullwidth non-hundred-percent-height-scrolling\" style=\"--awb-border-radius-top-left:0px;--awb-border-radius-top-right:0px;--awb-border-radius-bottom-right:0px;--awb-border-radius-bottom-left:0px;--awb-flex-wrap:wrap;\" ><div class=\"fusion-builder-row fusion-row\"><div class=\"fusion-layout-column fusion_builder_column fusion-builder-column-1 fusion_builder_column_1_1 1_1 fusion-one-full fusion-column-first fusion-column-last\" style=\"--awb-bg-size:cover;--awb-margin-bottom:0px;\"><div class=\"fusion-column-wrapper fusion-column-has-shadow fusion-flex-column-wrapper-legacy\"><div class=\"fusion-sep-clear\"><\/div><div class=\"fusion-separator fusion-full-width-sep\" style=\"margin-left: auto;margin-right: auto;margin-top:30px;width:100%;\"><\/div><div class=\"fusion-sep-clear\"><\/div><div class=\"fusion-title title fusion-title-1 fusion-title-text fusion-title-size-two\"><h2 class=\"fusion-title-heading title-heading-left fusion-responsive-typography-calculated\" style=\"margin:0;--fontSize:18;--minFontSize:18;line-height:1.5;\">T\u00e4rke\u00e4\u00e4 tietoa kilpailijoille<\/h2><span class=\"awb-title-spacer\"><\/span><div class=\"title-sep-container\"><div class=\"title-sep sep-double sep-solid\" style=\"border-color:#e0dede;\"><\/div><\/div><\/div><div class=\"fusion-text fusion-text-2\" style=\"--awb-text-font-family:&quot;Raleway&quot;;--awb-text-font-style:normal;--awb-text-font-weight:400;\"><p>Osallistuaksesi kilpailuihin sinun t\u00e4ytyy olla jonkin ratsastusseuran kautta SRL:n t\u00e4ysj\u00e4sen tai perhej\u00e4sen. Osallistuttaessa 1-tason kilpailuun tarvitsee ratsastaja lis\u00e4ksi 10 euron hintaisen E-kilpailuluvan. E-lupaa ei tarvita harjoituskilpailuissa.<br \/>\nLis\u00e4tietoa E-kilpailuluvan hankinnasta l\u00f6yd\u00e4t <span style=\"color: #000000;\"><a style=\"color: #000000;\" href=\"https:\/\/www.ratsastus.fi\/kilpailu-ja-valmennus\/kilpailijalle\/kilpailuluvat\/\" target=\"_blank\" rel=\"noopener noreferrer\">t\u00e4\u00e4lt\u00e4<\/a><\/span>. Seurakilpailukutsuja l\u00f6yd\u00e4t lis\u00e4\u00e4 <span style=\"color: #000000;\"><a style=\"color: #000000;\" title=\"Kipan sivuille\" href=\"https:\/\/kipa.ratsastus.fi\/\" target=\"_blank\" rel=\"noopener noreferrer\">KIPA<\/a><\/span>:n sivuilta. Kouluohjelmia l\u00f6yd\u00e4t <a title=\"SRL:n sivulle\" href=\"https:\/\/www.ratsastus.fi\/materiaalit\/kouluohjelmat\/\" target=\"_blank\" rel=\"noopener noreferrer\"><span style=\"color: #000000;\">t\u00e4\u00e4lt\u00e4<\/span><\/a>. Kilpailukutsut ja l\u00e4ht\u00f6listat l\u00f6ytyv\u00e4t etusivulta.<\/p>\n<\/div><div class=\"fusion-button-wrapper\"><a class=\"fusion-button button-flat button-small button-default fusion-button-default button-1 fusion-button-default-span fusion-button-default-type\" style=\"--button_typography-font-family:-apple-system, BlinkMacSystemFont, &#039;Segoe UI&#039;, Roboto, Oxygen-Sans, Ubuntu, Cantarell, &#039;Helvetica Neue&#039; ,sans-serif;--button_typography-font-style:normal;--button_typography-font-weight:400;\" target=\"_blank\" rel=\"noopener noreferrer\" title=\"Tilaa E-lupa\" aria-label=\"Tilaa E-lupa\" href=\"https:\/\/www.ratsastus.fi\/kilpailu-ja-valmennus\/kilpailijalle\/kilpailuluvat\/hae-kilpailulupaa\/\"><span class=\"fusion-button-text awb-button__text awb-button__text--default\">Tilaa E-lupa<\/span><\/a><\/div><div class=\"fusion-clearfix\"><\/div><\/div><\/div><\/div><\/div><div class=\"fusion-fullwidth fullwidth-box fusion-builder-row-3 nonhundred-percent-fullwidth non-hundred-percent-height-scrolling\" style=\"--awb-border-radius-top-left:0px;--awb-border-radius-top-right:0px;--awb-border-radius-bottom-right:0px;--awb-border-radius-bottom-left:0px;--awb-flex-wrap:wrap;\" ><div class=\"fusion-builder-row fusion-row\"><div class=\"fusion-layout-column fusion_builder_column fusion-builder-column-2 fusion_builder_column_1_1 1_1 fusion-one-full fusion-column-first fusion-column-last\" style=\"--awb-padding-top:30px;--awb-bg-size:cover;--awb-margin-bottom:0px;\"><div class=\"fusion-column-wrapper fusion-column-has-shadow fusion-flex-column-wrapper-legacy\"><div class=\"fusion-text fusion-text-3\"><p>RaR hyvitt\u00e4\u00e4 A- ja D-tasoilla menestyneille j\u00e4senille kilpailuluvan hankintahinnan kokonaisuudessaan. J\u00e4senemme saavat alennusta my\u00f6s omien kisojemme l\u00e4ht\u00f6maksuista.<\/p>\n<p><a href=\"https:\/\/www.rar.fi\/pdf\/Tietosuojaseloste_kilpailuun_osallistuvien_henkilotietojen_kasittelysta.pdf\" target=\"_blank\" rel=\"noopener noreferrer\"><span style=\"color: #000000;\">Tietosuojaseloste<\/span><\/a> kilpailuun osallistuvien henkil\u00f6tietojen k\u00e4sittelyst\u00e4.<\/p>\n<\/div><div class=\"fusion-sep-clear\"><\/div><div class=\"fusion-separator fusion-full-width-sep\" style=\"margin-left: auto;margin-right: auto;margin-bottom:100px;width:100%;\"><\/div><div class=\"fusion-sep-clear\"><\/div><div class=\"fusion-clearfix\"><\/div><\/div><\/div><\/div><\/div><\/p>\n","protected":false},"excerpt":{"rendered":"","protected":false},"author":1,"featured_media":0,"parent":0,"menu_order":0,"comment_status":"closed","ping_status":"closed","template":"100-width.php","meta":{"footnotes":""},"class_list":["post-3089","page","type-page","status-publish","hentry"],"yoast_head":"<!-- This site is optimized with the Yoast SEO plugin v27.3 - https:\/\/yoast.com\/product\/yoast-seo-wordpress\/ -->\n<title>Kilpailijalle - Ravij&auml;rven Ratsastajat<\/title>\n<meta name=\"robots\" content=\"noindex, nofollow\" \/>\n<meta property=\"og:locale\" content=\"fi_FI\" \/>\n<meta property=\"og:type\" content=\"article\" \/>\n<meta property=\"og:title\" content=\"Kilpailijalle - Ravij&auml;rven Ratsastajat\" \/>\n<meta property=\"og:url\" content=\"https:\/\/www.rar.fi\/rar\/kilpailut\/\" \/>\n<meta property=\"og:site_name\" content=\"Ravij&auml;rven Ratsastajat\" \/>\n<meta property=\"article:modified_time\" content=\"2023-09-22T01:41:55+00:00\" \/>\n<meta name=\"twitter:card\" content=\"summary_large_image\" \/>\n<meta name=\"twitter:label1\" content=\"Arvioitu lukuaika\" \/>\n\t<meta name=\"twitter:data1\" content=\"4 minuuttia\" \/>\n<script type=\"application\/ld+json\" class=\"yoast-schema-graph\">{\"@context\":\"https:\\\/\\\/schema.org\",\"@graph\":[{\"@type\":\"WebPage\",\"@id\":\"https:\\\/\\\/www.rar.fi\\\/rar\\\/kilpailut\\\/\",\"url\":\"https:\\\/\\\/www.rar.fi\\\/rar\\\/kilpailut\\\/\",\"name\":\"Kilpailijalle - Ravij&auml;rven Ratsastajat\",\"isPartOf\":{\"@id\":\"https:\\\/\\\/www.rar.fi\\\/rar\\\/#website\"},\"datePublished\":\"2019-09-12T17:20:06+00:00\",\"dateModified\":\"2023-09-22T01:41:55+00:00\",\"breadcrumb\":{\"@id\":\"https:\\\/\\\/www.rar.fi\\\/rar\\\/kilpailut\\\/#breadcrumb\"},\"inLanguage\":\"fi\",\"potentialAction\":[{\"@type\":\"ReadAction\",\"target\":[\"https:\\\/\\\/www.rar.fi\\\/rar\\\/kilpailut\\\/\"]}]},{\"@type\":\"BreadcrumbList\",\"@id\":\"https:\\\/\\\/www.rar.fi\\\/rar\\\/kilpailut\\\/#breadcrumb\",\"itemListElement\":[{\"@type\":\"ListItem\",\"position\":1,\"name\":\"Etusivu\",\"item\":\"https:\\\/\\\/www.rar.fi\\\/rar\\\/\"},{\"@type\":\"ListItem\",\"position\":2,\"name\":\"Kilpailijalle\"}]},{\"@type\":\"WebSite\",\"@id\":\"https:\\\/\\\/www.rar.fi\\\/rar\\\/#website\",\"url\":\"https:\\\/\\\/www.rar.fi\\\/rar\\\/\",\"name\":\"Ravij&auml;rven Ratsastajat\",\"description\":\"Sinun ratsastusseurasi\",\"publisher\":{\"@id\":\"https:\\\/\\\/www.rar.fi\\\/rar\\\/#organization\"},\"potentialAction\":[{\"@type\":\"SearchAction\",\"target\":{\"@type\":\"EntryPoint\",\"urlTemplate\":\"https:\\\/\\\/www.rar.fi\\\/rar\\\/?s={search_term_string}\"},\"query-input\":{\"@type\":\"PropertyValueSpecification\",\"valueRequired\":true,\"valueName\":\"search_term_string\"}}],\"inLanguage\":\"fi\"},{\"@type\":\"Organization\",\"@id\":\"https:\\\/\\\/www.rar.fi\\\/rar\\\/#organization\",\"name\":\"Ravij&auml;rven Ratsastajat\",\"url\":\"https:\\\/\\\/www.rar.fi\\\/rar\\\/\",\"logo\":{\"@type\":\"ImageObject\",\"inLanguage\":\"fi\",\"@id\":\"https:\\\/\\\/www.rar.fi\\\/rar\\\/#\\\/schema\\\/logo\\\/image\\\/\",\"url\":\"https:\\\/\\\/www.rar.fi\\\/rar\\\/wp-content\\\/uploads\\\/2023\\\/09\\\/logo-20v-500x500-1.png\",\"contentUrl\":\"https:\\\/\\\/www.rar.fi\\\/rar\\\/wp-content\\\/uploads\\\/2023\\\/09\\\/logo-20v-500x500-1.png\",\"width\":300,\"height\":300,\"caption\":\"Ravij&auml;rven Ratsastajat\"},\"image\":{\"@id\":\"https:\\\/\\\/www.rar.fi\\\/rar\\\/#\\\/schema\\\/logo\\\/image\\\/\"}}]}<\/script>\n<!-- \/ Yoast SEO plugin. -->","yoast_head_json":{"title":"Kilpailijalle - Ravij&auml;rven Ratsastajat","robots":{"index":"noindex","follow":"nofollow"},"og_locale":"fi_FI","og_type":"article","og_title":"Kilpailijalle - Ravij&auml;rven Ratsastajat","og_url":"https:\/\/www.rar.fi\/rar\/kilpailut\/","og_site_name":"Ravij&auml;rven Ratsastajat","article_modified_time":"2023-09-22T01:41:55+00:00","twitter_card":"summary_large_image","twitter_misc":{"Arvioitu lukuaika":"4 minuuttia"},"schema":{"@context":"https:\/\/schema.org","@graph":[{"@type":"WebPage","@id":"https:\/\/www.rar.fi\/rar\/kilpailut\/","url":"https:\/\/www.rar.fi\/rar\/kilpailut\/","name":"Kilpailijalle - Ravij&auml;rven Ratsastajat","isPartOf":{"@id":"https:\/\/www.rar.fi\/rar\/#website"},"datePublished":"2019-09-12T17:20:06+00:00","dateModified":"2023-09-22T01:41:55+00:00","breadcrumb":{"@id":"https:\/\/www.rar.fi\/rar\/kilpailut\/#breadcrumb"},"inLanguage":"fi","potentialAction":[{"@type":"ReadAction","target":["https:\/\/www.rar.fi\/rar\/kilpailut\/"]}]},{"@type":"BreadcrumbList","@id":"https:\/\/www.rar.fi\/rar\/kilpailut\/#breadcrumb","itemListElement":[{"@type":"ListItem","position":1,"name":"Etusivu","item":"https:\/\/www.rar.fi\/rar\/"},{"@type":"ListItem","position":2,"name":"Kilpailijalle"}]},{"@type":"WebSite","@id":"https:\/\/www.rar.fi\/rar\/#website","url":"https:\/\/www.rar.fi\/rar\/","name":"Ravij&auml;rven Ratsastajat","description":"Sinun ratsastusseurasi","publisher":{"@id":"https:\/\/www.rar.fi\/rar\/#organization"},"potentialAction":[{"@type":"SearchAction","target":{"@type":"EntryPoint","urlTemplate":"https:\/\/www.rar.fi\/rar\/?s={search_term_string}"},"query-input":{"@type":"PropertyValueSpecification","valueRequired":true,"valueName":"search_term_string"}}],"inLanguage":"fi"},{"@type":"Organization","@id":"https:\/\/www.rar.fi\/rar\/#organization","name":"Ravij&auml;rven Ratsastajat","url":"https:\/\/www.rar.fi\/rar\/","logo":{"@type":"ImageObject","inLanguage":"fi","@id":"https:\/\/www.rar.fi\/rar\/#\/schema\/logo\/image\/","url":"https:\/\/www.rar.fi\/rar\/wp-content\/uploads\/2023\/09\/logo-20v-500x500-1.png","contentUrl":"https:\/\/www.rar.fi\/rar\/wp-content\/uploads\/2023\/09\/logo-20v-500x500-1.png","width":300,"height":300,"caption":"Ravij&auml;rven Ratsastajat"},"image":{"@id":"https:\/\/www.rar.fi\/rar\/#\/schema\/logo\/image\/"}}]}},"_links":{"self":[{"href":"https:\/\/www.rar.fi\/rar\/wp-json\/wp\/v2\/pages\/3089","targetHints":{"allow":["GET"]}}],"collection":[{"href":"https:\/\/www.rar.fi\/rar\/wp-json\/wp\/v2\/pages"}],"about":[{"href":"https:\/\/www.rar.fi\/rar\/wp-json\/wp\/v2\/types\/page"}],"author":[{"embeddable":true,"href":"https:\/\/www.rar.fi\/rar\/wp-json\/wp\/v2\/users\/1"}],"replies":[{"embeddable":true,"href":"https:\/\/www.rar.fi\/rar\/wp-json\/wp\/v2\/comments?post=3089"}],"version-history":[{"count":0,"href":"https:\/\/www.rar.fi\/rar\/wp-json\/wp\/v2\/pages\/3089\/revisions"}],"wp:attachment":[{"href":"https:\/\/www.rar.fi\/rar\/wp-json\/wp\/v2\/media?parent=3089"}],"curies":[{"name":"wp","href":"https:\/\/api.w.org\/{rel}","templated":true}]}}