{"id":3080,"date":"2019-03-12T03:56:43","date_gmt":"2019-03-12T03:56:43","guid":{"rendered":"https:\/\/www.rar.fi\/rar\/?page_id=3080"},"modified":"2023-09-22T01:49:35","modified_gmt":"2023-09-22T01:49:35","slug":"hoitokerho","status":"publish","type":"page","link":"https:\/\/www.rar.fi\/rar\/hoitokerho\/","title":{"rendered":"Hoitokerho"},"content":{"rendered":"<p><div class=\"fusion-fullwidth fullwidth-box fusion-builder-row-1 fusion-parallax-fixed nonhundred-percent-fullwidth non-hundred-percent-height-scrolling\" style=\"--awb-border-radius-top-left:0px;--awb-border-radius-top-right:0px;--awb-border-radius-bottom-right:0px;--awb-border-radius-bottom-left:0px;--awb-background-image:url(&quot;https:\/\/www.rar.fi\/rar\/wp-content\/uploads\/2019\/03\/hoitokerho_blur.jpg&quot;);--awb-background-size:cover;--awb-flex-wrap:wrap;background-attachment:fixed;\" ><div class=\"fusion-builder-row fusion-row\"><div class=\"fusion-layout-column fusion_builder_column fusion-builder-column-0 fusion_builder_column_1_1 1_1 fusion-one-full fusion-column-first fusion-column-last fusion-column-no-min-height\" style=\"--awb-bg-size:cover;--awb-margin-bottom:0px;\"><div class=\"fusion-column-wrapper fusion-flex-column-wrapper-legacy\"><div class=\"fusion-sep-clear\"><\/div><div class=\"fusion-separator fusion-full-width-sep\" style=\"margin-left: auto;margin-right: auto;margin-top:10px;margin-bottom:180px;width:100%;\"><\/div><div class=\"fusion-sep-clear\"><\/div><div class=\"fusion-text fusion-text-1\"><h1 style=\"color: #000000; text-align: center;\"><span style=\"color: #000000;\">Hoitokerho<br \/>\nTaluta taiten, hoida hyvin<br \/>\n<\/span><\/h1>\n<\/div><div class=\"fusion-clearfix\"><\/div><\/div><\/div><\/div><\/div><div id=\"sinettiteksti\" class=\"fusion-container-anchor\"><div class=\"fusion-fullwidth fullwidth-box fusion-builder-row-2 nonhundred-percent-fullwidth non-hundred-percent-height-scrolling\" style=\"--awb-background-position:left top;--awb-border-radius-top-left:0px;--awb-border-radius-top-right:0px;--awb-border-radius-bottom-right:0px;--awb-border-radius-bottom-left:0px;--awb-padding-top:50px;--awb-padding-bottom:20px;--awb-border-sizes-top:0px;--awb-border-sizes-bottom:0px;--awb-flex-wrap:wrap;\" ><div class=\"fusion-builder-row fusion-row\"><div class=\"fusion-layout-column fusion_builder_column fusion-builder-column-1 fusion_builder_column_1_1 1_1 fusion-one-full fusion-column-first fusion-column-last fusion-column-no-min-height\" style=\"--awb-bg-size:cover;--awb-margin-bottom:0px;\"><div class=\"fusion-column-wrapper fusion-flex-column-wrapper-legacy\"><div class=\"fusion-sep-clear\"><\/div><div class=\"fusion-separator fusion-full-width-sep\" style=\"margin-left: auto;margin-right: auto;margin-bottom:20px;width:100%;\"><div class=\"fusion-separator-border sep-double sep-solid\" style=\"--awb-height:20px;--awb-amount:20px;border-color:#e0dede;border-top-width:1px;border-bottom-width:1px;\"><\/div><\/div><div class=\"fusion-sep-clear\"><\/div><div class=\"fusion-text fusion-text-2\"><p>Lapsille, nuorille, ratsastavien lasten vanhemmille ja aikuisratsastajille tarkoitettu hoitokerho kokoontuu lauantaisin 1-2 kertaa kuukaudessa hevostilan ymp\u00e4rist\u00f6ss\u00e4. Kerhossa opetellaan hevosen k\u00e4sittely\u00e4 ja hoitoa, tallin s\u00e4\u00e4nt\u00f6j\u00e4, harrastetaan liikuntaa ja vietet\u00e4\u00e4n mukavaa aikaa yhdess\u00e4. Kerhoon osallistuminen ei vaadi ennakkoilmoittautumista. <span style=\"color: #000000;\">Toiminta ei sis\u00e4ll\u00e4 ratsastusta<\/span>.<\/p>\n<\/div><div class=\"fusion-sep-clear\"><\/div><div class=\"fusion-separator fusion-full-width-sep\" style=\"margin-left: auto;margin-right: auto;width:100%;\"><div class=\"fusion-separator-border sep-double sep-solid\" style=\"--awb-height:20px;--awb-amount:20px;border-color:#e0dede;border-top-width:1px;border-bottom-width:1px;\"><\/div><\/div><div class=\"fusion-sep-clear\"><\/div><div class=\"fusion-clearfix\"><\/div><\/div><\/div><\/div><\/div><\/div><div class=\"fusion-fullwidth fullwidth-box fusion-builder-row-3 nonhundred-percent-fullwidth non-hundred-percent-height-scrolling\" style=\"--awb-background-position:left top;--awb-border-sizes-top:0px;--awb-border-sizes-bottom:0px;--awb-border-sizes-left:0px;--awb-border-sizes-right:0px;--awb-border-radius-top-left:0px;--awb-border-radius-top-right:0px;--awb-border-radius-bottom-right:0px;--awb-border-radius-bottom-left:0px;--awb-padding-top:20px;--awb-padding-right:30px;--awb-padding-bottom:5px;--awb-padding-left:30px;--awb-flex-wrap:wrap;\" ><div class=\"fusion-builder-row fusion-row\"><div class=\"fusion-layout-column fusion_builder_column fusion-builder-column-2 fusion_builder_column_1_1 1_1 fusion-one-full fusion-column-first fusion-column-last\" style=\"--awb-bg-size:cover;--awb-margin-bottom:0px;\"><div class=\"fusion-column-wrapper fusion-flex-column-wrapper-legacy\"><div class=\"fusion-text fusion-text-3\"><h2 style=\"text-align: center;\">Kerholaisen muistilista<\/h2>\n<\/div><div class=\"fusion-clearfix\"><\/div><\/div><\/div><div class=\"fusion-layout-column fusion_builder_column fusion-builder-column-3 fusion_builder_column_1_1 1_1 fusion-one-full fusion-column-first fusion-column-last fusion-column-no-min-height\" style=\"--awb-bg-size:cover;--awb-margin-bottom:0px;\"><div class=\"fusion-column-wrapper fusion-flex-column-wrapper-legacy\"><div class=\"fusion-tabs fusion-tabs-1 clean vertical-tabs icon-position-left mobile-mode-accordion\" style=\"--awb-title-border-radius-top-left:0px;--awb-title-border-radius-top-right:0px;--awb-title-border-radius-bottom-right:0px;--awb-title-border-radius-bottom-left:0px;--awb-inactive-color:#f3fab6;--awb-background-color:#cbe32d;--awb-border-color:#ebeaea;--awb-active-border-color:#a0ce4e;\"><div class=\"nav\"><ul class=\"nav-tabs\" role=\"tablist\"><li class=\"active\" role=\"presentation\"><a class=\"tab-link\" data-toggle=\"tab\" role=\"tab\" aria-controls=\"tab-fadccdd2a1825999c16\" aria-selected=\"true\" id=\"fusion-tab-varusteet\" href=\"#tab-fadccdd2a1825999c16\"><h4 class=\"fusion-tab-heading\"><i class=\"fontawesome-icon fa fa-umbrella\" aria-hidden=\"true\" style=\"font-size:13px;\"><\/i>Varusteet<\/h4><\/a><\/li><li role=\"presentation\"><a class=\"tab-link\" data-toggle=\"tab\" role=\"tab\" aria-controls=\"tab-155d0970605fcce7401\" aria-selected=\"false\" tabindex=\"-1\" id=\"fusion-tab-vakuutusturva\" href=\"#tab-155d0970605fcce7401\"><h4 class=\"fusion-tab-heading\"><i class=\"fontawesome-icon fa-medkit fas\" aria-hidden=\"true\" style=\"font-size:13px;\"><\/i>Vakuutusturva<\/h4><\/a><\/li><li role=\"presentation\"><a class=\"tab-link\" data-toggle=\"tab\" role=\"tab\" aria-controls=\"tab-e45853f94659de3dca3\" aria-selected=\"false\" tabindex=\"-1\" id=\"fusion-tab-kustannukset\" href=\"#tab-e45853f94659de3dca3\"><h4 class=\"fusion-tab-heading\"><i class=\"fontawesome-icon fa fa-database\" aria-hidden=\"true\" style=\"font-size:13px;\"><\/i>Kustannukset<\/h4><\/a><\/li><\/ul><\/div><div class=\"tab-content\"><div class=\"nav fusion-mobile-tab-nav\"><ul class=\"nav-tabs\" role=\"tablist\"><li class=\"active\" role=\"presentation\"><a class=\"tab-link\" data-toggle=\"tab\" role=\"tab\" aria-controls=\"tab-fadccdd2a1825999c16\" aria-selected=\"true\" id=\"mobile-fusion-tab-varusteet\" href=\"#tab-fadccdd2a1825999c16\"><h4 class=\"fusion-tab-heading\"><i class=\"fontawesome-icon fa fa-umbrella\" aria-hidden=\"true\" style=\"font-size:13px;\"><\/i>Varusteet<\/h4><\/a><\/li><\/ul><\/div><div class=\"tab-pane fade fusion-clearfix in active\" role=\"tabpanel\" tabindex=\"0\" aria-labelledby=\"fusion-tab-varusteet\" id=\"tab-fadccdd2a1825999c16\">Huomioithan, ett\u00e4 sandaalit ja muut kevyet jalkineet eiv\u00e4t ole tallik\u00e4ytt\u00f6\u00f6n sopivia. Suosittelemme k\u00e4ytt\u00e4m\u00e4\u00e4n ensisijaisesti turvak\u00e4rjell\u00e4 varustettuja kenki\u00e4\/saappaita, muussa tapauksessa kumisaappaita. Pukeudu s\u00e4\u00e4n mukaan ja muista ottaa mukaasi my\u00f6s ty\u00f6skentelyyn sopivat k\u00e4sineet. My\u00f6s kyp\u00e4r\u00e4 on hyv\u00e4 olla mukana. Tarvittaessa kyp\u00e4r\u00e4n voi lainata tallilta.<\/div><div class=\"nav fusion-mobile-tab-nav\"><ul class=\"nav-tabs\" role=\"tablist\"><li role=\"presentation\"><a class=\"tab-link\" data-toggle=\"tab\" role=\"tab\" aria-controls=\"tab-155d0970605fcce7401\" aria-selected=\"false\" tabindex=\"-1\" id=\"mobile-fusion-tab-vakuutusturva\" href=\"#tab-155d0970605fcce7401\"><h4 class=\"fusion-tab-heading\"><i class=\"fontawesome-icon fa-medkit fas\" aria-hidden=\"true\" style=\"font-size:13px;\"><\/i>Vakuutusturva<\/h4><\/a><\/li><\/ul><\/div><div class=\"tab-pane fade fusion-clearfix\" role=\"tabpanel\" tabindex=\"0\" aria-labelledby=\"fusion-tab-vakuutusturva\" id=\"tab-155d0970605fcce7401\">\n<p>Huolellisuus ja varovaisuus kantavat pitk\u00e4lle, mutta aktiivisen harrastajan kannattaa huolehtia my\u00f6s vakuutusturvastaan. Suosittelemme SRL:n j\u00e4senyytt\u00e4 tai <span style=\"color: #000000;\"><a style=\"color: #000000;\" href=\"http:\/\/www.ratsastus.fi\/greencard\" target=\"_blank\" rel=\"noopener\">Green Card<\/a><\/span> -turvaa tapaturmien varalle. Jos sinulla jo on jokin vapaa-ajan tapaturmavakuutus, kiit\u00e4mme sinua huolellisuudestasi.<\/p>\n<\/div><div class=\"nav fusion-mobile-tab-nav\"><ul class=\"nav-tabs\" role=\"tablist\"><li role=\"presentation\"><a class=\"tab-link\" data-toggle=\"tab\" role=\"tab\" aria-controls=\"tab-e45853f94659de3dca3\" aria-selected=\"false\" tabindex=\"-1\" id=\"mobile-fusion-tab-kustannukset\" href=\"#tab-e45853f94659de3dca3\"><h4 class=\"fusion-tab-heading\"><i class=\"fontawesome-icon fa fa-database\" aria-hidden=\"true\" style=\"font-size:13px;\"><\/i>Kustannukset<\/h4><\/a><\/li><\/ul><\/div><div class=\"tab-pane fade fusion-clearfix\" role=\"tabpanel\" tabindex=\"0\" aria-labelledby=\"fusion-tab-kustannukset\" id=\"tab-e45853f94659de3dca3\">\n<p>Hoitokerho on RaR:n j\u00e4senille ilmainen. Jos haluat ottaa osaa, mutta et ole viel\u00e4 j\u00e4sen, kerhotoiminnan kustannus on 2 e\/kerta. J\u00e4senkortit tarkastetaan m\u00e4\u00e4r\u00e4ajoin, joten pid\u00e4th\u00e4n korttisi tallessa\/mukana.<\/p>\n<\/div><\/div><\/div><div class=\"fusion-clearfix\"><\/div><\/div><\/div><\/div><\/div><div class=\"fusion-fullwidth fullwidth-box fusion-builder-row-4 nonhundred-percent-fullwidth non-hundred-percent-height-scrolling\" style=\"--awb-background-position:left top;--awb-border-sizes-top:0px;--awb-border-sizes-bottom:0px;--awb-border-sizes-left:0px;--awb-border-sizes-right:0px;--awb-border-radius-top-left:0px;--awb-border-radius-top-right:0px;--awb-border-radius-bottom-right:0px;--awb-border-radius-bottom-left:0px;--awb-padding-top:5px;--awb-padding-right:30px;--awb-padding-bottom:20px;--awb-padding-left:30px;--awb-flex-wrap:wrap;\" ><div class=\"fusion-builder-row fusion-row\"><div class=\"fusion-layout-column fusion_builder_column fusion-builder-column-4 fusion_builder_column_1_1 1_1 fusion-one-full fusion-column-first fusion-column-last\" style=\"--awb-bg-size:cover;--awb-margin-bottom:0px;\" id=\"LJ\"><div class=\"fusion-column-wrapper fusion-flex-column-wrapper-legacy\"><div class=\"fusion-clearfix\"><\/div><\/div><\/div><\/div><\/div><div class=\"fusion-fullwidth fullwidth-box fusion-builder-row-5 nonhundred-percent-fullwidth non-hundred-percent-height-scrolling\" style=\"--awb-border-radius-top-left:0px;--awb-border-radius-top-right:0px;--awb-border-radius-bottom-right:0px;--awb-border-radius-bottom-left:0px;--awb-flex-wrap:wrap;\" ><div class=\"fusion-builder-row fusion-row\"><div class=\"fusion-layout-column fusion_builder_column fusion-builder-column-5 fusion_builder_column_1_1 1_1 fusion-one-full fusion-column-first fusion-column-last fusion-column-no-min-height\" style=\"--awb-bg-size:cover;--awb-margin-bottom:0px;\"><div class=\"fusion-column-wrapper fusion-flex-column-wrapper-legacy\"><div class=\"fusion-sep-clear\"><\/div><div class=\"fusion-separator fusion-has-icon fusion-full-width-sep\" style=\"margin-left: auto;margin-right: auto;margin-top:10px;margin-bottom:10px;width:100%;\"><div class=\"fusion-separator-border sep-single sep-solid\" style=\"--awb-height:20px;--awb-amount:20px;--awb-sep-color:#a0ce4e;border-color:#a0ce4e;border-top-width:1px;\"><\/div><span class=\"icon-wrapper\" style=\"border-color:#a0ce4e;background-color:rgba(255,255,255,0);font-size:16px;width: 1.75em; height: 1.75em;border-width:1px;padding:1px;margin-top:-0.5px\"><i class=\"fa-horse fas\" style=\"font-size: inherit;color:#a0ce4e;\" aria-hidden=\"true\"><\/i><\/span><div class=\"fusion-separator-border sep-single sep-solid\" style=\"--awb-height:20px;--awb-amount:20px;--awb-sep-color:#a0ce4e;border-color:#a0ce4e;border-top-width:1px;\"><\/div><\/div><div class=\"fusion-sep-clear\"><\/div><div class=\"fusion-text fusion-text-4\"><h1 style=\"text-align: center;\">Tule mukaan!<\/h1>\n<\/div><div class=\"fusion-clearfix\"><\/div><\/div><\/div><\/div><\/div><\/p>\n","protected":false},"excerpt":{"rendered":"","protected":false},"author":1,"featured_media":0,"parent":0,"menu_order":0,"comment_status":"closed","ping_status":"closed","template":"100-width.php","meta":{"footnotes":""},"class_list":["post-3080","page","type-page","status-publish","hentry"],"yoast_head":"<!-- This site is optimized with the Yoast SEO plugin v27.3 - https:\/\/yoast.com\/product\/yoast-seo-wordpress\/ -->\n<title>Hoitokerho - Ravij&auml;rven Ratsastajat<\/title>\n<meta name=\"description\" content=\"Hoitokerho on tarkoitettu lapsille, nuorille ja heid\u00e4n vanhemmilleen. Kerhossa opetellaan hevosen hoitoa, tallin s\u00e4\u00e4nt\u00f6j\u00e4 ja liikutaan yhdess\u00e4.\" \/>\n<meta name=\"robots\" content=\"index, follow, max-snippet:-1, max-image-preview:large, max-video-preview:-1\" \/>\n<link rel=\"canonical\" href=\"https:\/\/www.rar.fi\/rar\/hoitokerho\/\" \/>\n<meta property=\"og:locale\" content=\"fi_FI\" \/>\n<meta property=\"og:type\" content=\"article\" \/>\n<meta property=\"og:title\" content=\"Hoitokerho - Ravij&auml;rven Ratsastajat\" \/>\n<meta property=\"og:description\" content=\"Hoitokerho on tarkoitettu lapsille, nuorille ja heid\u00e4n vanhemmilleen. Kerhossa opetellaan hevosen hoitoa, tallin s\u00e4\u00e4nt\u00f6j\u00e4 ja liikutaan yhdess\u00e4.\" \/>\n<meta property=\"og:url\" content=\"https:\/\/www.rar.fi\/rar\/hoitokerho\/\" \/>\n<meta property=\"og:site_name\" content=\"Ravij&auml;rven Ratsastajat\" \/>\n<meta property=\"article:modified_time\" content=\"2023-09-22T01:49:35+00:00\" \/>\n<meta name=\"twitter:card\" content=\"summary_large_image\" \/>\n<meta name=\"twitter:label1\" content=\"Arvioitu lukuaika\" \/>\n\t<meta name=\"twitter:data1\" content=\"4 minuuttia\" \/>\n<script type=\"application\/ld+json\" class=\"yoast-schema-graph\">{\"@context\":\"https:\\\/\\\/schema.org\",\"@graph\":[{\"@type\":\"WebPage\",\"@id\":\"https:\\\/\\\/www.rar.fi\\\/rar\\\/hoitokerho\\\/\",\"url\":\"https:\\\/\\\/www.rar.fi\\\/rar\\\/hoitokerho\\\/\",\"name\":\"Hoitokerho - Ravij&auml;rven Ratsastajat\",\"isPartOf\":{\"@id\":\"https:\\\/\\\/www.rar.fi\\\/rar\\\/#website\"},\"datePublished\":\"2019-03-12T03:56:43+00:00\",\"dateModified\":\"2023-09-22T01:49:35+00:00\",\"description\":\"Hoitokerho on tarkoitettu lapsille, nuorille ja heid\u00e4n vanhemmilleen. Kerhossa opetellaan hevosen hoitoa, tallin s\u00e4\u00e4nt\u00f6j\u00e4 ja liikutaan yhdess\u00e4.\",\"breadcrumb\":{\"@id\":\"https:\\\/\\\/www.rar.fi\\\/rar\\\/hoitokerho\\\/#breadcrumb\"},\"inLanguage\":\"fi\",\"potentialAction\":[{\"@type\":\"ReadAction\",\"target\":[\"https:\\\/\\\/www.rar.fi\\\/rar\\\/hoitokerho\\\/\"]}]},{\"@type\":\"BreadcrumbList\",\"@id\":\"https:\\\/\\\/www.rar.fi\\\/rar\\\/hoitokerho\\\/#breadcrumb\",\"itemListElement\":[{\"@type\":\"ListItem\",\"position\":1,\"name\":\"Etusivu\",\"item\":\"https:\\\/\\\/www.rar.fi\\\/rar\\\/\"},{\"@type\":\"ListItem\",\"position\":2,\"name\":\"Hoitokerho\"}]},{\"@type\":\"WebSite\",\"@id\":\"https:\\\/\\\/www.rar.fi\\\/rar\\\/#website\",\"url\":\"https:\\\/\\\/www.rar.fi\\\/rar\\\/\",\"name\":\"Ravij&auml;rven Ratsastajat\",\"description\":\"Sinun ratsastusseurasi\",\"publisher\":{\"@id\":\"https:\\\/\\\/www.rar.fi\\\/rar\\\/#organization\"},\"potentialAction\":[{\"@type\":\"SearchAction\",\"target\":{\"@type\":\"EntryPoint\",\"urlTemplate\":\"https:\\\/\\\/www.rar.fi\\\/rar\\\/?s={search_term_string}\"},\"query-input\":{\"@type\":\"PropertyValueSpecification\",\"valueRequired\":true,\"valueName\":\"search_term_string\"}}],\"inLanguage\":\"fi\"},{\"@type\":\"Organization\",\"@id\":\"https:\\\/\\\/www.rar.fi\\\/rar\\\/#organization\",\"name\":\"Ravij&auml;rven Ratsastajat\",\"url\":\"https:\\\/\\\/www.rar.fi\\\/rar\\\/\",\"logo\":{\"@type\":\"ImageObject\",\"inLanguage\":\"fi\",\"@id\":\"https:\\\/\\\/www.rar.fi\\\/rar\\\/#\\\/schema\\\/logo\\\/image\\\/\",\"url\":\"https:\\\/\\\/www.rar.fi\\\/rar\\\/wp-content\\\/uploads\\\/2023\\\/09\\\/logo-20v-500x500-1.png\",\"contentUrl\":\"https:\\\/\\\/www.rar.fi\\\/rar\\\/wp-content\\\/uploads\\\/2023\\\/09\\\/logo-20v-500x500-1.png\",\"width\":300,\"height\":300,\"caption\":\"Ravij&auml;rven Ratsastajat\"},\"image\":{\"@id\":\"https:\\\/\\\/www.rar.fi\\\/rar\\\/#\\\/schema\\\/logo\\\/image\\\/\"}}]}<\/script>\n<!-- \/ Yoast SEO plugin. -->","yoast_head_json":{"title":"Hoitokerho - Ravij&auml;rven Ratsastajat","description":"Hoitokerho on tarkoitettu lapsille, nuorille ja heid\u00e4n vanhemmilleen. Kerhossa opetellaan hevosen hoitoa, tallin s\u00e4\u00e4nt\u00f6j\u00e4 ja liikutaan yhdess\u00e4.","robots":{"index":"index","follow":"follow","max-snippet":"max-snippet:-1","max-image-preview":"max-image-preview:large","max-video-preview":"max-video-preview:-1"},"canonical":"https:\/\/www.rar.fi\/rar\/hoitokerho\/","og_locale":"fi_FI","og_type":"article","og_title":"Hoitokerho - Ravij&auml;rven Ratsastajat","og_description":"Hoitokerho on tarkoitettu lapsille, nuorille ja heid\u00e4n vanhemmilleen. Kerhossa opetellaan hevosen hoitoa, tallin s\u00e4\u00e4nt\u00f6j\u00e4 ja liikutaan yhdess\u00e4.","og_url":"https:\/\/www.rar.fi\/rar\/hoitokerho\/","og_site_name":"Ravij&auml;rven Ratsastajat","article_modified_time":"2023-09-22T01:49:35+00:00","twitter_card":"summary_large_image","twitter_misc":{"Arvioitu lukuaika":"4 minuuttia"},"schema":{"@context":"https:\/\/schema.org","@graph":[{"@type":"WebPage","@id":"https:\/\/www.rar.fi\/rar\/hoitokerho\/","url":"https:\/\/www.rar.fi\/rar\/hoitokerho\/","name":"Hoitokerho - Ravij&auml;rven Ratsastajat","isPartOf":{"@id":"https:\/\/www.rar.fi\/rar\/#website"},"datePublished":"2019-03-12T03:56:43+00:00","dateModified":"2023-09-22T01:49:35+00:00","description":"Hoitokerho on tarkoitettu lapsille, nuorille ja heid\u00e4n vanhemmilleen. Kerhossa opetellaan hevosen hoitoa, tallin s\u00e4\u00e4nt\u00f6j\u00e4 ja liikutaan yhdess\u00e4.","breadcrumb":{"@id":"https:\/\/www.rar.fi\/rar\/hoitokerho\/#breadcrumb"},"inLanguage":"fi","potentialAction":[{"@type":"ReadAction","target":["https:\/\/www.rar.fi\/rar\/hoitokerho\/"]}]},{"@type":"BreadcrumbList","@id":"https:\/\/www.rar.fi\/rar\/hoitokerho\/#breadcrumb","itemListElement":[{"@type":"ListItem","position":1,"name":"Etusivu","item":"https:\/\/www.rar.fi\/rar\/"},{"@type":"ListItem","position":2,"name":"Hoitokerho"}]},{"@type":"WebSite","@id":"https:\/\/www.rar.fi\/rar\/#website","url":"https:\/\/www.rar.fi\/rar\/","name":"Ravij&auml;rven Ratsastajat","description":"Sinun ratsastusseurasi","publisher":{"@id":"https:\/\/www.rar.fi\/rar\/#organization"},"potentialAction":[{"@type":"SearchAction","target":{"@type":"EntryPoint","urlTemplate":"https:\/\/www.rar.fi\/rar\/?s={search_term_string}"},"query-input":{"@type":"PropertyValueSpecification","valueRequired":true,"valueName":"search_term_string"}}],"inLanguage":"fi"},{"@type":"Organization","@id":"https:\/\/www.rar.fi\/rar\/#organization","name":"Ravij&auml;rven Ratsastajat","url":"https:\/\/www.rar.fi\/rar\/","logo":{"@type":"ImageObject","inLanguage":"fi","@id":"https:\/\/www.rar.fi\/rar\/#\/schema\/logo\/image\/","url":"https:\/\/www.rar.fi\/rar\/wp-content\/uploads\/2023\/09\/logo-20v-500x500-1.png","contentUrl":"https:\/\/www.rar.fi\/rar\/wp-content\/uploads\/2023\/09\/logo-20v-500x500-1.png","width":300,"height":300,"caption":"Ravij&auml;rven Ratsastajat"},"image":{"@id":"https:\/\/www.rar.fi\/rar\/#\/schema\/logo\/image\/"}}]}},"_links":{"self":[{"href":"https:\/\/www.rar.fi\/rar\/wp-json\/wp\/v2\/pages\/3080","targetHints":{"allow":["GET"]}}],"collection":[{"href":"https:\/\/www.rar.fi\/rar\/wp-json\/wp\/v2\/pages"}],"about":[{"href":"https:\/\/www.rar.fi\/rar\/wp-json\/wp\/v2\/types\/page"}],"author":[{"embeddable":true,"href":"https:\/\/www.rar.fi\/rar\/wp-json\/wp\/v2\/users\/1"}],"replies":[{"embeddable":true,"href":"https:\/\/www.rar.fi\/rar\/wp-json\/wp\/v2\/comments?post=3080"}],"version-history":[{"count":0,"href":"https:\/\/www.rar.fi\/rar\/wp-json\/wp\/v2\/pages\/3080\/revisions"}],"wp:attachment":[{"href":"https:\/\/www.rar.fi\/rar\/wp-json\/wp\/v2\/media?parent=3080"}],"curies":[{"name":"wp","href":"https:\/\/api.w.org\/{rel}","templated":true}]}}